{"id":62,"date":"2014-02-10T16:56:37","date_gmt":"2014-02-10T16:56:37","guid":{"rendered":"http:\/\/itaipavabilhar.com.br\/site\/?page_id=62"},"modified":"2014-06-20T16:44:45","modified_gmt":"2014-06-20T16:44:45","slug":"mesas-pebolim-toto","status":"publish","type":"page","link":"https:\/\/itaipavabilhar.com.br\/site\/index.php\/mesas-pebolim-toto\/","title":{"rendered":"Tot\u00f3"},"content":{"rendered":"<p style=\"text-align: center;\">Clique nos bot\u00f5es abaixo para escolher o modelo de \u00a0mesa de tot\u00f3 (pebolim) desejado:<\/p>\n<p style=\"text-align: center;\"><a href=\"https:\/\/itaipavabilhar.com.br\/site\/index.php\/mesas-pebolim-toto\/toto-residencial\/\" class=\"woo-sc-button  custom\" style=\"background:;border-color:\"><span class=\"woo-\">Mesas residenciais<\/span><\/a>\u00a0<a href=\"https:\/\/itaipavabilhar.com.br\/site\/index.php\/mesas-pebolim-toto\/toto-comercial\/\" class=\"woo-sc-button  custom\" style=\"background:;border-color:\"><span class=\"woo-\">Mesas comerciais<\/span><\/a>  \u00a0<a href=\"https:\/\/itaipavabilhar.com.br\/site\/index.php\/mesas-pebolim-toto\/personalizados\/\" class=\"woo-sc-button  custom\" style=\"background:;border-color:\"><span class=\"woo-\">Mesas coloridas personalizadas<\/span><\/a><\/p>\n","protected":false},"excerpt":{"rendered":"<p>Clique nos bot\u00f5es abaixo para escolher o modelo de \u00a0mesa de tot\u00f3 (pebolim) desejado: \u00a0 \u00a0<\/p>\n","protected":false},"author":1,"featured_media":0,"parent":0,"menu_order":4,"comment_status":"open","ping_status":"closed","template":"","meta":{"footnotes":""},"class_list":["post-62","page","type-page","status-publish","hentry"],"yoast_head":"<!-- This site is optimized with the Yoast SEO plugin v26.7 - https:\/\/yoast.com\/wordpress\/plugins\/seo\/ -->\n<title>SINUCAS ITAIPAVA BILHAR - F\u00e1brica de mesas para jogos<\/title>\n<meta name=\"description\" content=\"Fabrica\u00e7\u00e3o pr\u00f3pria de mesas para jogos: Sinuca, Tot\u00f3, Pebolim, T\u00eanis de Mesa, Ping-Pong, Mesa de Sinuca e Jantar, Mesa de Poker, mesa para Jogos de Cartas, Bolas e Acess\u00f3rios para Sinuca e outros jogos, entregamos no Rio de Janeiro e despachamos para todo o Brasil.\" \/>\n<meta name=\"robots\" content=\"index, follow, max-snippet:-1, max-image-preview:large, max-video-preview:-1\" \/>\n<link rel=\"canonical\" href=\"https:\/\/itaipavabilhar.com.br\/site\/index.php\/mesas-pebolim-toto\/\" \/>\n<meta property=\"og:locale\" content=\"pt_BR\" \/>\n<meta property=\"og:type\" content=\"article\" \/>\n<meta property=\"og:title\" content=\"SINUCAS ITAIPAVA BILHAR - F\u00e1brica de mesas para jogos\" \/>\n<meta property=\"og:description\" content=\"Fabrica\u00e7\u00e3o pr\u00f3pria de mesas para jogos: Sinuca, Tot\u00f3, Pebolim, T\u00eanis de Mesa, Ping-Pong, Mesa de Sinuca e Jantar, Mesa de Poker, mesa para Jogos de Cartas, Bolas e Acess\u00f3rios para Sinuca e outros jogos, entregamos no Rio de Janeiro e despachamos para todo o Brasil.\" \/>\n<meta property=\"og:url\" content=\"https:\/\/itaipavabilhar.com.br\/site\/index.php\/mesas-pebolim-toto\/\" \/>\n<meta property=\"og:site_name\" content=\"ITAIPAVA BILHAR\" \/>\n<meta property=\"article:modified_time\" content=\"2014-06-20T16:44:45+00:00\" \/>\n<script type=\"application\/ld+json\" class=\"yoast-schema-graph\">{\"@context\":\"https:\/\/schema.org\",\"@graph\":[{\"@type\":\"WebPage\",\"@id\":\"https:\/\/itaipavabilhar.com.br\/site\/index.php\/mesas-pebolim-toto\/\",\"url\":\"https:\/\/itaipavabilhar.com.br\/site\/index.php\/mesas-pebolim-toto\/\",\"name\":\"SINUCAS ITAIPAVA BILHAR - F\u00e1brica de mesas para jogos\",\"isPartOf\":{\"@id\":\"https:\/\/itaipavabilhar.com.br\/site\/#website\"},\"datePublished\":\"2014-02-10T16:56:37+00:00\",\"dateModified\":\"2014-06-20T16:44:45+00:00\",\"description\":\"Fabrica\u00e7\u00e3o pr\u00f3pria de mesas para jogos: Sinuca, Tot\u00f3, Pebolim, T\u00eanis de Mesa, Ping-Pong, Mesa de Sinuca e Jantar, Mesa de Poker, mesa para Jogos de Cartas, Bolas e Acess\u00f3rios para Sinuca e outros jogos, entregamos no Rio de Janeiro e despachamos para todo o Brasil.\",\"inLanguage\":\"pt-BR\",\"potentialAction\":[{\"@type\":\"ReadAction\",\"target\":[\"https:\/\/itaipavabilhar.com.br\/site\/index.php\/mesas-pebolim-toto\/\"]}]},{\"@type\":\"WebSite\",\"@id\":\"https:\/\/itaipavabilhar.com.br\/site\/#website\",\"url\":\"https:\/\/itaipavabilhar.com.br\/site\/\",\"name\":\"ITAIPAVA BILHAR\",\"description\":\"DESDE 1978 PRODUZINDO MESAS DE QUALIDADE!\",\"potentialAction\":[{\"@type\":\"SearchAction\",\"target\":{\"@type\":\"EntryPoint\",\"urlTemplate\":\"https:\/\/itaipavabilhar.com.br\/site\/?s={search_term_string}\"},\"query-input\":{\"@type\":\"PropertyValueSpecification\",\"valueRequired\":true,\"valueName\":\"search_term_string\"}}],\"inLanguage\":\"pt-BR\"}]}<\/script>\n<!-- \/ Yoast SEO plugin. -->","yoast_head_json":{"title":"SINUCAS ITAIPAVA BILHAR - F\u00e1brica de mesas para jogos","description":"Fabrica\u00e7\u00e3o pr\u00f3pria de mesas para jogos: Sinuca, Tot\u00f3, Pebolim, T\u00eanis de Mesa, Ping-Pong, Mesa de Sinuca e Jantar, Mesa de Poker, mesa para Jogos de Cartas, Bolas e Acess\u00f3rios para Sinuca e outros jogos, entregamos no Rio de Janeiro e despachamos para todo o Brasil.","robots":{"index":"index","follow":"follow","max-snippet":"max-snippet:-1","max-image-preview":"max-image-preview:large","max-video-preview":"max-video-preview:-1"},"canonical":"https:\/\/itaipavabilhar.com.br\/site\/index.php\/mesas-pebolim-toto\/","og_locale":"pt_BR","og_type":"article","og_title":"SINUCAS ITAIPAVA BILHAR - F\u00e1brica de mesas para jogos","og_description":"Fabrica\u00e7\u00e3o pr\u00f3pria de mesas para jogos: Sinuca, Tot\u00f3, Pebolim, T\u00eanis de Mesa, Ping-Pong, Mesa de Sinuca e Jantar, Mesa de Poker, mesa para Jogos de Cartas, Bolas e Acess\u00f3rios para Sinuca e outros jogos, entregamos no Rio de Janeiro e despachamos para todo o Brasil.","og_url":"https:\/\/itaipavabilhar.com.br\/site\/index.php\/mesas-pebolim-toto\/","og_site_name":"ITAIPAVA BILHAR","article_modified_time":"2014-06-20T16:44:45+00:00","schema":{"@context":"https:\/\/schema.org","@graph":[{"@type":"WebPage","@id":"https:\/\/itaipavabilhar.com.br\/site\/index.php\/mesas-pebolim-toto\/","url":"https:\/\/itaipavabilhar.com.br\/site\/index.php\/mesas-pebolim-toto\/","name":"SINUCAS ITAIPAVA BILHAR - F\u00e1brica de mesas para jogos","isPartOf":{"@id":"https:\/\/itaipavabilhar.com.br\/site\/#website"},"datePublished":"2014-02-10T16:56:37+00:00","dateModified":"2014-06-20T16:44:45+00:00","description":"Fabrica\u00e7\u00e3o pr\u00f3pria de mesas para jogos: Sinuca, Tot\u00f3, Pebolim, T\u00eanis de Mesa, Ping-Pong, Mesa de Sinuca e Jantar, Mesa de Poker, mesa para Jogos de Cartas, Bolas e Acess\u00f3rios para Sinuca e outros jogos, entregamos no Rio de Janeiro e despachamos para todo o Brasil.","inLanguage":"pt-BR","potentialAction":[{"@type":"ReadAction","target":["https:\/\/itaipavabilhar.com.br\/site\/index.php\/mesas-pebolim-toto\/"]}]},{"@type":"WebSite","@id":"https:\/\/itaipavabilhar.com.br\/site\/#website","url":"https:\/\/itaipavabilhar.com.br\/site\/","name":"ITAIPAVA BILHAR","description":"DESDE 1978 PRODUZINDO MESAS DE QUALIDADE!","potentialAction":[{"@type":"SearchAction","target":{"@type":"EntryPoint","urlTemplate":"https:\/\/itaipavabilhar.com.br\/site\/?s={search_term_string}"},"query-input":{"@type":"PropertyValueSpecification","valueRequired":true,"valueName":"search_term_string"}}],"inLanguage":"pt-BR"}]}},"_links":{"self":[{"href":"https:\/\/itaipavabilhar.com.br\/site\/index.php\/wp-json\/wp\/v2\/pages\/62","targetHints":{"allow":["GET"]}}],"collection":[{"href":"https:\/\/itaipavabilhar.com.br\/site\/index.php\/wp-json\/wp\/v2\/pages"}],"about":[{"href":"https:\/\/itaipavabilhar.com.br\/site\/index.php\/wp-json\/wp\/v2\/types\/page"}],"author":[{"embeddable":true,"href":"https:\/\/itaipavabilhar.com.br\/site\/index.php\/wp-json\/wp\/v2\/users\/1"}],"replies":[{"embeddable":true,"href":"https:\/\/itaipavabilhar.com.br\/site\/index.php\/wp-json\/wp\/v2\/comments?post=62"}],"version-history":[{"count":8,"href":"https:\/\/itaipavabilhar.com.br\/site\/index.php\/wp-json\/wp\/v2\/pages\/62\/revisions"}],"predecessor-version":[{"id":716,"href":"https:\/\/itaipavabilhar.com.br\/site\/index.php\/wp-json\/wp\/v2\/pages\/62\/revisions\/716"}],"wp:attachment":[{"href":"https:\/\/itaipavabilhar.com.br\/site\/index.php\/wp-json\/wp\/v2\/media?parent=62"}],"curies":[{"name":"wp","href":"https:\/\/api.w.org\/{rel}","templated":true}]}}